{"id":2565,"date":"2021-08-12T06:00:21","date_gmt":"2021-08-12T06:00:21","guid":{"rendered":"https:\/\/amfissa.qodeinteractive.com\/?page_id=2565"},"modified":"2025-04-01T19:29:26","modified_gmt":"2025-04-01T19:29:26","slug":"our-history","status":"publish","type":"page","link":"https:\/\/azzava.com\/?page_id=2565","title":{"rendered":"Our History"},"content":{"rendered":"\t\t<div data-elementor-type=\"wp-page\" data-elementor-id=\"2565\" class=\"elementor elementor-2565\">\n\t\t\t\t\t\t<section class=\"elementor-section elementor-top-section elementor-element elementor-element-fc9ce27 elementor-section-full_width qodef-elementor-content-grid elementor-section-height-default elementor-section-height-default\" data-id=\"fc9ce27\" data-element_type=\"section\">\n\t\t\t\t\t\t<div class=\"elementor-container elementor-column-gap-default\">\n\t\t\t\t\t<div class=\"elementor-column elementor-col-100 elementor-top-column elementor-element elementor-element-c7902ac\" data-id=\"c7902ac\" data-element_type=\"column\">\n\t\t\t<div class=\"elementor-widget-wrap elementor-element-populated\">\n\t\t\t\t\t\t<div class=\"elementor-element elementor-element-b95ef50 elementor-widget elementor-widget-amfissa_core_workflow\" data-id=\"b95ef50\" data-element_type=\"widget\" data-widget_type=\"amfissa_core_workflow.default\">\n\t\t\t\t<div class=\"elementor-widget-container\">\n\t\t\t\t\t<div class=\"qodef-shortcode qodef-m  qodef-workflow qodef-workflow-animate\">\n\t<span class=\"main-line\"><\/span>\n\n\t\t\t<div class=\"qodef-workflow-item\">\n\t\t\t<span class=\"line\" style=\"background-color: #D7CEC1\"><\/span>\n\t\t\t\t\t\t<div class=\"qodef-workflow-item-inner  reverse\">\n\t\t\t\t\t\t\t\t<div class=\"qodef-workflow-text\">\n\t\t\t\t\t<span class=\"qodef-year\">\n\t\t\t\t\t\t2017\t\t\t\t\t<\/span>\n\t\t\t\t\t\t\t\t\t\t\t\t\t\t\t\t<h3 class=\"qodef-m-title\">Azzava fikri olu\u015fmaya ba\u015flar<\/h3>\n\t\t\t\t\t\t\t\t\t\t<p class=\"qodef-m-text\" >\u0130lerleyen y\u0131llarda g\u0131da g\u00fcvenli\u011finin ve tar\u0131m\u0131n ciddi bir sorun olaca\u011f\u0131n\u0131n fark\u0131ndayd\u0131k ve prestijli hayatlar\u0131m\u0131z\u0131 bir kenara b\u0131rakman\u0131n zaman\u0131 gelmi\u015fti.<\/p>\n\n\t\t\t\t<\/div>\n\t\t\t\t<div class=\"qodef-workflow-image\">\n\t\t\t\t\t<div class=\"qodef-workflow-image-inner\">\n\t\t\t\t\t\t<img fetchpriority=\"high\" decoding=\"async\" width=\"2560\" height=\"1707\" src=\"https:\/\/azzava.com\/wp-content\/uploads\/2025\/04\/Misyonumuz-scaled.jpg\" class=\"attachment-full size-full\" alt=\"\" srcset=\"https:\/\/azzava.com\/wp-content\/uploads\/2025\/04\/Misyonumuz-scaled.jpg 2560w, https:\/\/azzava.com\/wp-content\/uploads\/2025\/04\/Misyonumuz-300x200.jpg 300w, https:\/\/azzava.com\/wp-content\/uploads\/2025\/04\/Misyonumuz-1024x683.jpg 1024w, https:\/\/azzava.com\/wp-content\/uploads\/2025\/04\/Misyonumuz-768x512.jpg 768w, https:\/\/azzava.com\/wp-content\/uploads\/2025\/04\/Misyonumuz-1536x1024.jpg 1536w, https:\/\/azzava.com\/wp-content\/uploads\/2025\/04\/Misyonumuz-2048x1365.jpg 2048w, https:\/\/azzava.com\/wp-content\/uploads\/2025\/04\/Misyonumuz-600x400.jpg 600w\" sizes=\"(max-width: 2560px) 100vw, 2560px\" \/>\t\t\t\t\t<\/div>\n\t\t\t\t<\/div>\n\t\t\t<\/div>\n\t\t<\/div>\n\t\t\t\t<div class=\"qodef-workflow-item\">\n\t\t\t<span class=\"line\" style=\"background-color: #D7CEC1\"><\/span>\n\t\t\t\t\t\t<div class=\"qodef-workflow-item-inner \">\n\t\t\t\t\t\t\t\t<div class=\"qodef-workflow-text\">\n\t\t\t\t\t<span class=\"qodef-year\">\n\t\t\t\t\t\t2019\t\t\t\t\t<\/span>\n\t\t\t\t\t\t\t\t\t\t\t\t\t\t\t\t<h3 class=\"qodef-m-title\">\u0130lk arazi yat\u0131r\u0131m\u0131m\u0131z<\/h3>\n\t\t\t\t\t\t\t\t\t\t<p class=\"qodef-m-text\" >El de\u011fmemi\u015f, end\u00fcstriyelle\u015fmemi\u015f bir b\u00f6lge bulabilmek i\u00e7in uzun u\u011fra\u015flar verdik ve Fethiye\u2019nin yaylalar\u0131na, Toros Da\u011flar\u0131\u2019n\u0131n ba\u015flad\u0131\u011f\u0131 yere ta\u015f\u0131nd\u0131k.<\/p>\n\n\t\t\t\t<\/div>\n\t\t\t\t<div class=\"qodef-workflow-image\">\n\t\t\t\t\t<div class=\"qodef-workflow-image-inner\">\n\t\t\t\t\t\t<img decoding=\"async\" width=\"683\" height=\"445\" src=\"https:\/\/azzava.com\/wp-content\/uploads\/2021\/08\/ip8-img2.png\" class=\"attachment-full size-full\" alt=\"a\" srcset=\"https:\/\/azzava.com\/wp-content\/uploads\/2021\/08\/ip8-img2.png 683w, https:\/\/azzava.com\/wp-content\/uploads\/2021\/08\/ip8-img2-600x391.png 600w, https:\/\/azzava.com\/wp-content\/uploads\/2021\/08\/ip8-img2-300x195.png 300w\" sizes=\"(max-width: 683px) 100vw, 683px\" \/>\t\t\t\t\t<\/div>\n\t\t\t\t<\/div>\n\t\t\t<\/div>\n\t\t<\/div>\n\t\t\t\t<div class=\"qodef-workflow-item\">\n\t\t\t<span class=\"line\" style=\"background-color: #D7CEC1\"><\/span>\n\t\t\t\t\t\t<div class=\"qodef-workflow-item-inner  reverse\">\n\t\t\t\t\t\t\t\t<div class=\"qodef-workflow-text\">\n\t\t\t\t\t<span class=\"qodef-year\">\n\t\t\t\t\t\t2021\t\t\t\t\t<\/span>\n\t\t\t\t\t\t\t\t\t\t\t\t\t\t\t\t<h3 class=\"qodef-m-title\">Zetmar G\u0131da<\/h3>\n\t\t\t\t\t\t\t\t\t\t<p class=\"qodef-m-text\" >2021 y\u0131l\u0131n\u0131n Kas\u0131m ay\u0131nda faaliyetlerimizi \u015firket \u00e7at\u0131s\u0131 alt\u0131nda y\u00fcr\u00fctme karar\u0131 ald\u0131k ve  Zetmar G\u0131da \u0130\u00e7 ve D\u0131\u015f Ticaret Limited \u015eirketi&#039;ni kurduk.<\/p>\n\n\t\t\t\t<\/div>\n\t\t\t\t<div class=\"qodef-workflow-image\">\n\t\t\t\t\t<div class=\"qodef-workflow-image-inner\">\n\t\t\t\t\t\t<img decoding=\"async\" width=\"301\" height=\"300\" src=\"https:\/\/azzava.com\/wp-content\/uploads\/2025\/04\/zet-logo-2.jpg\" class=\"attachment-full size-full\" alt=\"\" srcset=\"https:\/\/azzava.com\/wp-content\/uploads\/2025\/04\/zet-logo-2.jpg 301w, https:\/\/azzava.com\/wp-content\/uploads\/2025\/04\/zet-logo-2-150x150.jpg 150w, https:\/\/azzava.com\/wp-content\/uploads\/2025\/04\/zet-logo-2-100x100.jpg 100w\" sizes=\"(max-width: 301px) 100vw, 301px\" \/>\t\t\t\t\t<\/div>\n\t\t\t\t<\/div>\n\t\t\t<\/div>\n\t\t<\/div>\n\t\t\t\t<div class=\"qodef-workflow-item\">\n\t\t\t<span class=\"line\" style=\"background-color: #D7CEC1\"><\/span>\n\t\t\t\t\t\t<div class=\"qodef-workflow-item-inner \">\n\t\t\t\t\t\t\t\t<div class=\"qodef-workflow-text\">\n\t\t\t\t\t<span class=\"qodef-year\">\n\t\t\t\t\t\t2022\t\t\t\t\t<\/span>\n\t\t\t\t\t\t\t\t\t\t\t\t\t\t\t\t<h3 class=\"qodef-m-title\">Azzava markas\u0131yla ilk sat\u0131\u015f<\/h3>\n\t\t\t\t\t\t\t\t\t\t<p class=\"qodef-m-text\" >Azzava \u2013 Savour of Eternity tescilli markas\u0131yla 2022 y\u0131l\u0131 Ekim ay\u0131ndan itibaren e-ticaret platformlar\u0131nda yerimizi ald\u0131k.<\/p>\n\n\t\t\t\t<\/div>\n\t\t\t\t<div class=\"qodef-workflow-image\">\n\t\t\t\t\t<div class=\"qodef-workflow-image-inner\">\n\t\t\t\t\t\t<img loading=\"lazy\" decoding=\"async\" width=\"512\" height=\"512\" src=\"https:\/\/azzava.com\/wp-content\/uploads\/2025\/03\/cropped-Azzava-512x512-1.jpg\" class=\"attachment-full size-full\" alt=\"\" srcset=\"https:\/\/azzava.com\/wp-content\/uploads\/2025\/03\/cropped-Azzava-512x512-1.jpg 512w, https:\/\/azzava.com\/wp-content\/uploads\/2025\/03\/cropped-Azzava-512x512-1-300x300.jpg 300w, https:\/\/azzava.com\/wp-content\/uploads\/2025\/03\/cropped-Azzava-512x512-1-150x150.jpg 150w, https:\/\/azzava.com\/wp-content\/uploads\/2025\/03\/cropped-Azzava-512x512-1-100x100.jpg 100w, https:\/\/azzava.com\/wp-content\/uploads\/2025\/03\/cropped-Azzava-512x512-1-270x270.jpg 270w, https:\/\/azzava.com\/wp-content\/uploads\/2025\/03\/cropped-Azzava-512x512-1-192x192.jpg 192w, https:\/\/azzava.com\/wp-content\/uploads\/2025\/03\/cropped-Azzava-512x512-1-180x180.jpg 180w, https:\/\/azzava.com\/wp-content\/uploads\/2025\/03\/cropped-Azzava-512x512-1-32x32.jpg 32w\" sizes=\"(max-width: 512px) 100vw, 512px\" \/>\t\t\t\t\t<\/div>\n\t\t\t\t<\/div>\n\t\t\t<\/div>\n\t\t<\/div>\n\t\t\t\t<div class=\"qodef-workflow-item\">\n\t\t\t<span class=\"line\" style=\"background-color: #D7CEC1\"><\/span>\n\t\t\t\t\t\t<div class=\"qodef-workflow-item-inner  reverse\">\n\t\t\t\t\t\t\t\t<div class=\"qodef-workflow-text\">\n\t\t\t\t\t<span class=\"qodef-year\">\n\t\t\t\t\t\t2024\t\t\t\t\t<\/span>\n\t\t\t\t\t\t\t\t\t\t\t\t\t\t\t\t<h3 class=\"qodef-m-title\">Bereketin simgesi bir \u00fcr\u00fcn daha..<\/h3>\n\t\t\t\t\t\t\t\t\t\t<p class=\"qodef-m-text\" >G\u00fcney Ege&#039;nin en kaliteli narlar\u0131n\u0131 en lezzetli \u00fcr\u00fcne d\u00f6n\u00fc\u015ft\u00fcrd\u00fck. Ailemize Azzava %100 Do\u011fal Nar Ek\u015fisini de ekledik.<\/p>\n\n\t\t\t\t<\/div>\n\t\t\t\t<div class=\"qodef-workflow-image\">\n\t\t\t\t\t<div class=\"qodef-workflow-image-inner\">\n\t\t\t\t\t\t<img loading=\"lazy\" decoding=\"async\" width=\"1000\" height=\"965\" src=\"https:\/\/azzava.com\/wp-content\/uploads\/2025\/04\/NE_1-e1743535751697.jpg\" class=\"attachment-full size-full\" alt=\"\" \/>\t\t\t\t\t<\/div>\n\t\t\t\t<\/div>\n\t\t\t<\/div>\n\t\t<\/div>\n\t\t\t\t<div class=\"qodef-workflow-item\">\n\t\t\t<span class=\"line\" style=\"background-color: #D7CEC1\"><\/span>\n\t\t\t\t\t\t<div class=\"qodef-workflow-item-inner \">\n\t\t\t\t\t\t\t\t<div class=\"qodef-workflow-text\">\n\t\t\t\t\t<span class=\"qodef-year\">\n\t\t\t\t\t\t2025\t\t\t\t\t<\/span>\n\t\t\t\t\t\t\t\t\t\t\t\t\t\t\t\t<h3 class=\"qodef-m-title\">\u00d6l\u00fcms\u00fcz a\u011fac\u0131n hediyesi iki \u00fcr\u00fcn daha..<\/h3>\n\t\t\t\t\t\t\t\t\t\t<p class=\"qodef-m-text\" >Markam\u0131za duyulan g\u00fcvenin verdi\u011fi cesaretle bir \u00e7ift yeni \u00fcr\u00fcn i\u00e7in yat\u0131r\u0131mlar\u0131m\u0131z\u0131 yapt\u0131k ve m\u00fckemmel sonu\u00e7lar ald\u0131k.<\/p>\n\n\t\t\t\t<\/div>\n\t\t\t\t<div class=\"qodef-workflow-image\">\n\t\t\t\t\t<div class=\"qodef-workflow-image-inner\">\n\t\t\t\t\t\t<img loading=\"lazy\" decoding=\"async\" width=\"1000\" height=\"1000\" src=\"https:\/\/azzava.com\/wp-content\/uploads\/2025\/04\/yesil-ve-siyah_1-e1743535299182.jpg\" class=\"attachment-full size-full\" alt=\"\" \/>\t\t\t\t\t<\/div>\n\t\t\t\t<\/div>\n\t\t\t<\/div>\n\t\t<\/div>\n\t\t<\/div>\n\t\t\t\t<\/div>\n\t\t\t\t<\/div>\n\t\t\t\t\t<\/div>\n\t\t<\/div>\n\t\t\t\t\t<\/div>\n\t\t<\/section>\n\t\t\t\t<section class=\"elementor-section elementor-top-section elementor-element elementor-element-e1bb039 elementor-section-full_width elementor-section-height-default elementor-section-height-default qodef-elementor-content-no\" data-id=\"e1bb039\" data-element_type=\"section\">\n\t\t\t\t\t\t<div class=\"elementor-container elementor-column-gap-default\">\n\t\t\t\t\t<div class=\"elementor-column elementor-col-100 elementor-top-column elementor-element elementor-element-6da4e9a\" data-id=\"6da4e9a\" data-element_type=\"column\">\n\t\t\t<div class=\"elementor-widget-wrap\">\n\t\t\t\t\t\t\t<\/div>\n\t\t<\/div>\n\t\t\t\t\t<\/div>\n\t\t<\/section>\n\t\t\t\t<\/div>\n\t\t","protected":false},"excerpt":{"rendered":"<p>2017 Azzava fikri olu\u015fmaya ba\u015flar \u0130lerleyen y\u0131llarda g\u0131da g\u00fcvenli\u011finin ve tar\u0131m\u0131n ciddi bir sorun olaca\u011f\u0131n\u0131n fark\u0131ndayd\u0131k ve prestijli hayatlar\u0131m\u0131z\u0131 bir kenara b\u0131rakman\u0131n zaman\u0131 gelmi\u015fti. 2019 \u0130lk arazi yat\u0131r\u0131m\u0131m\u0131z El de\u011fmemi\u015f, end\u00fcstriyelle\u015fmemi\u015f bir b\u00f6lge bulabilmek i\u00e7in uzun u\u011fra\u015flar verdik ve Fethiye\u2019nin yaylalar\u0131na, Toros Da\u011flar\u0131\u2019n\u0131n ba\u015flad\u0131\u011f\u0131 yere ta\u015f\u0131nd\u0131k. 2021 Zetmar G\u0131da 2021 y\u0131l\u0131n\u0131n Kas\u0131m ay\u0131nda faaliyetlerimizi \u015firket [&hellip;]<\/p>\n","protected":false},"author":1,"featured_media":0,"parent":0,"menu_order":0,"comment_status":"closed","ping_status":"closed","template":"page-full-width.php","meta":{"footnotes":""},"class_list":["post-2565","page","type-page","status-publish","hentry"],"_links":{"self":[{"href":"https:\/\/azzava.com\/index.php?rest_route=\/wp\/v2\/pages\/2565","targetHints":{"allow":["GET"]}}],"collection":[{"href":"https:\/\/azzava.com\/index.php?rest_route=\/wp\/v2\/pages"}],"about":[{"href":"https:\/\/azzava.com\/index.php?rest_route=\/wp\/v2\/types\/page"}],"author":[{"embeddable":true,"href":"https:\/\/azzava.com\/index.php?rest_route=\/wp\/v2\/users\/1"}],"replies":[{"embeddable":true,"href":"https:\/\/azzava.com\/index.php?rest_route=%2Fwp%2Fv2%2Fcomments&post=2565"}],"version-history":[{"count":6,"href":"https:\/\/azzava.com\/index.php?rest_route=\/wp\/v2\/pages\/2565\/revisions"}],"predecessor-version":[{"id":5200,"href":"https:\/\/azzava.com\/index.php?rest_route=\/wp\/v2\/pages\/2565\/revisions\/5200"}],"wp:attachment":[{"href":"https:\/\/azzava.com\/index.php?rest_route=%2Fwp%2Fv2%2Fmedia&parent=2565"}],"curies":[{"name":"wp","href":"https:\/\/api.w.org\/{rel}","templated":true}]}}