{"id":678,"date":"2021-08-02T10:12:15","date_gmt":"2021-08-02T10:12:15","guid":{"rendered":"https:\/\/amfissa.qodeinteractive.com\/?page_id=678"},"modified":"2025-04-01T18:12:24","modified_gmt":"2025-04-01T18:12:24","slug":"about-us","status":"publish","type":"page","link":"https:\/\/azzava.com\/?page_id=678","title":{"rendered":"Hakk\u0131m\u0131zda"},"content":{"rendered":"\t\t<div data-elementor-type=\"wp-page\" data-elementor-id=\"678\" class=\"elementor elementor-678\">\n\t\t\t\t\t\t<section class=\"elementor-section elementor-top-section elementor-element elementor-element-79cfa61 elementor-section-full_width qodef-elementor-content-grid elementor-section-height-default elementor-section-height-default\" data-id=\"79cfa61\" data-element_type=\"section\">\n\t\t\t\t\t\t<div class=\"elementor-container elementor-column-gap-default\">\n\t\t\t\t\t<div class=\"elementor-column elementor-col-50 elementor-top-column elementor-element elementor-element-bb84a8d\" data-id=\"bb84a8d\" data-element_type=\"column\">\n\t\t\t<div class=\"elementor-widget-wrap elementor-element-populated\">\n\t\t\t\t\t\t<div class=\"elementor-element elementor-element-f312d83 elementor-widget elementor-widget-amfissa_core_section_title\" data-id=\"f312d83\" data-element_type=\"widget\" data-widget_type=\"amfissa_core_section_title.default\">\n\t\t\t\t<div class=\"elementor-widget-container\">\n\t\t\t\t\t<div class=\"qodef-shortcode qodef-m  qodef-section-title qodef-alignment--left \">\n\t\t\t<h3 class=\"qodef-m-title\" >\n\t\t\t\t\tAzzava ailesi olarak kalitedeki ba\u015far\u0131m\u0131z\u0131n s\u0131rr\u0131 daldan sofraya kadar b\u00fct\u00fcn s\u00fcreci hataya yer vermeyecek \u015fekilde s\u0131k\u0131 takip ediyor olmam\u0131zd\u0131r.\t\t\t<\/h3>\n\t<\/div>\n\t\t\t\t<\/div>\n\t\t\t\t<\/div>\n\t\t\t\t<div class=\"elementor-element elementor-element-7b2541f elementor-widget elementor-widget-image\" data-id=\"7b2541f\" data-element_type=\"widget\" data-widget_type=\"image.default\">\n\t\t\t\t<div class=\"elementor-widget-container\">\n\t\t\t\t\t\t\t\t\t\t\t\t\t\t\t<img fetchpriority=\"high\" decoding=\"async\" width=\"683\" height=\"1024\" src=\"https:\/\/azzava.com\/wp-content\/uploads\/2025\/04\/Grove-2-683x1024.jpg\" class=\"attachment-large size-large wp-image-5182\" alt=\"\" srcset=\"https:\/\/azzava.com\/wp-content\/uploads\/2025\/04\/Grove-2-683x1024.jpg 683w, https:\/\/azzava.com\/wp-content\/uploads\/2025\/04\/Grove-2-200x300.jpg 200w, https:\/\/azzava.com\/wp-content\/uploads\/2025\/04\/Grove-2-768x1152.jpg 768w, https:\/\/azzava.com\/wp-content\/uploads\/2025\/04\/Grove-2-1024x1536.jpg 1024w, https:\/\/azzava.com\/wp-content\/uploads\/2025\/04\/Grove-2-1365x2048.jpg 1365w, https:\/\/azzava.com\/wp-content\/uploads\/2025\/04\/Grove-2-600x900.jpg 600w, https:\/\/azzava.com\/wp-content\/uploads\/2025\/04\/Grove-2-scaled.jpg 1707w\" sizes=\"(max-width: 683px) 100vw, 683px\" \/>\t\t\t\t\t\t\t\t\t\t\t\t\t\t\t<\/div>\n\t\t\t\t<\/div>\n\t\t\t\t\t<\/div>\n\t\t<\/div>\n\t\t\t\t<div class=\"elementor-column elementor-col-50 elementor-top-column elementor-element elementor-element-b180409\" data-id=\"b180409\" data-element_type=\"column\">\n\t\t\t<div class=\"elementor-widget-wrap elementor-element-populated\">\n\t\t\t\t\t\t<div class=\"elementor-element elementor-element-c486450 elementor-widget elementor-widget-amfissa_core_section_title\" data-id=\"c486450\" data-element_type=\"widget\" data-widget_type=\"amfissa_core_section_title.default\">\n\t\t\t\t<div class=\"elementor-widget-container\">\n\t\t\t\t\t<div class=\"qodef-shortcode qodef-m  qodef-section-title qodef-alignment--left \">\n\t\t\t<h4 class=\"qodef-m-title\" >\n\t\t\t\t\tBiz Kimiz?\t\t\t<\/h4>\n\t<\/div>\n\t\t\t\t<\/div>\n\t\t\t\t<\/div>\n\t\t\t\t<div class=\"elementor-element elementor-element-dbf0c5f elementor-widget elementor-widget-amfissa_core_section_title\" data-id=\"dbf0c5f\" data-element_type=\"widget\" data-widget_type=\"amfissa_core_section_title.default\">\n\t\t\t\t<div class=\"elementor-widget-container\">\n\t\t\t\t\t<div class=\"qodef-shortcode qodef-m  qodef-section-title qodef-alignment--left \">\n\t\t\t\t<p class=\"qodef-m-text\" style=\"margin-top: 0px\">Zetmar G\u0131da \u0130\u00e7 ve D\u0131\u015f Ticaret Limited \u015eirketi 2021 y\u0131l\u0131nda Mu\u011fla\u2019n\u0131n Seydikemer il\u00e7esine ba\u011fl\u0131 Kad\u0131k\u00f6y mahallesinde b\u00f6lgesindeki ya\u011fl\u0131k zeytin \u00fcretimini artt\u0131rmak ve kaliteli zeytinya\u011f\u0131 bilincini ve k\u00fclt\u00fcr\u00fcn\u00fc geli\u015ftirmekle beraber sa\u011fl\u0131kl\u0131 Akdeniz beslenmesinin t\u00fcm \u00fcr\u00fcnlerinin hem yurti\u00e7i hem yurtd\u0131\u015f\u0131 pazar\u0131nda g\u00fcvenilir bir tedarik\u00e7isi olmak amac\u0131yla kuruldu.<\/p>\n<\/div>\n\t\t\t\t<\/div>\n\t\t\t\t<\/div>\n\t\t\t\t<div class=\"elementor-element elementor-element-37a86d1 elementor-widget elementor-widget-amfissa_core_section_title\" data-id=\"37a86d1\" data-element_type=\"widget\" data-widget_type=\"amfissa_core_section_title.default\">\n\t\t\t\t<div class=\"elementor-widget-container\">\n\t\t\t\t\t<div class=\"qodef-shortcode qodef-m  qodef-section-title qodef-alignment--left \">\n\t\t\t\t<p class=\"qodef-m-text\" style=\"margin-top: 0px\">Bulundu\u011fu b\u00f6lgede 150 bin dekar zeytinli\u011fe ula\u015f\u0131m imkan\u0131 olan Zetmar G\u0131da hem kendi bah\u00e7elerinde hem kiralama usul\u00fc ile hasat yapt\u0131\u011f\u0131 bah\u00e7elerde hem de anla\u015fmal\u0131 \u00e7ift\u00e7ilerden ald\u0131\u011f\u0131 destekle zeytin ve zeytinya\u011f\u0131 \u00fcretimini her ge\u00e7en y\u0131l artt\u0131rmaktad\u0131r.<\/p>\n<\/div>\n\t\t\t\t<\/div>\n\t\t\t\t<\/div>\n\t\t\t\t<div class=\"elementor-element elementor-element-7aff4dd elementor-widget elementor-widget-amfissa_core_section_title\" data-id=\"7aff4dd\" data-element_type=\"widget\" data-widget_type=\"amfissa_core_section_title.default\">\n\t\t\t\t<div class=\"elementor-widget-container\">\n\t\t\t\t\t<div class=\"qodef-shortcode qodef-m  qodef-section-title qodef-alignment--left \">\n\t\t\t\t<p class=\"qodef-m-text\" style=\"margin-top: 0px\">Azzava \u2013 Savour of Eternity tescilli markas\u0131yla 2022 y\u0131l\u0131 Ekim ay\u0131ndan itibaren yurti\u00e7i e-ticaret platformlar\u0131nda ve yurtd\u0131\u015f\u0131 B2B platformlarda yerini alan Zetmar G\u0131da sundu\u011fu katma de\u011fer ile b\u00f6lge ve \u00fclke ekonomisine fayda sa\u011flayarak gelece\u011fe emin ad\u0131mlarla ilerlemektedir.<\/p>\n<\/div>\n\t\t\t\t<\/div>\n\t\t\t\t<\/div>\n\t\t\t\t\t<\/div>\n\t\t<\/div>\n\t\t\t\t\t<\/div>\n\t\t<\/section>\n\t\t\t\t<section class=\"elementor-section elementor-top-section elementor-element elementor-element-9a36832 elementor-section-full_width elementor-section-height-default elementor-section-height-default qodef-elementor-content-no\" data-id=\"9a36832\" data-element_type=\"section\">\n\t\t\t\t\t\t<div class=\"elementor-container elementor-column-gap-default\">\n\t\t\t\t\t<div class=\"elementor-column elementor-col-50 elementor-top-column elementor-element elementor-element-d36cb51\" data-id=\"d36cb51\" data-element_type=\"column\" data-settings=\"{&quot;background_background&quot;:&quot;classic&quot;}\">\n\t\t\t<div class=\"elementor-widget-wrap elementor-element-populated\">\n\t\t\t\t\t\t<div class=\"elementor-element elementor-element-5f4d309 elementor-widget elementor-widget-spacer\" data-id=\"5f4d309\" data-element_type=\"widget\" data-widget_type=\"spacer.default\">\n\t\t\t\t<div class=\"elementor-widget-container\">\n\t\t\t\t\t\t\t<div class=\"elementor-spacer\">\n\t\t\t<div class=\"elementor-spacer-inner\"><\/div>\n\t\t<\/div>\n\t\t\t\t\t\t<\/div>\n\t\t\t\t<\/div>\n\t\t\t\t\t<\/div>\n\t\t<\/div>\n\t\t\t\t<div class=\"elementor-column elementor-col-50 elementor-top-column elementor-element elementor-element-9cbefc5\" data-id=\"9cbefc5\" data-element_type=\"column\" data-settings=\"{&quot;background_background&quot;:&quot;classic&quot;}\">\n\t\t\t<div class=\"elementor-widget-wrap elementor-element-populated\">\n\t\t\t\t\t\t<div class=\"elementor-element elementor-element-3dbe630 elementor-widget-tablet__width-initial elementor-widget elementor-widget-amfissa_core_section_title\" data-id=\"3dbe630\" data-element_type=\"widget\" data-widget_type=\"amfissa_core_section_title.default\">\n\t\t\t\t<div class=\"elementor-widget-container\">\n\t\t\t\t\t<div class=\"qodef-shortcode qodef-m  qodef-section-title qodef-alignment--left \">\n\t\t\t<h3 class=\"qodef-m-title\" style=\"color: #FFFFFF\">\n\t\t\t\t\tG\u00fcney Ege'nin el de\u011fmemi\u015f do\u011fas\u0131ndan gelen lezzet\t\t\t<\/h3>\n\t\t<p class=\"qodef-m-text\" style=\"color: #FFFFFF\">150 bin dekar zeytinli\u011fe ula\u015f\u0131m imkan\u0131m\u0131zla hem kendi bah\u00e7elerimizde hem kiralama usul\u00fc ile hasat yapt\u0131\u011f\u0131m\u0131z bah\u00e7elerde hem de anla\u015fmal\u0131 \u00e7ift\u00e7ilerden ald\u0131\u011f\u0131m\u0131z destekle zeytin ve zeytinya\u011f\u0131 \u00fcretimini her ge\u00e7en y\u0131l artt\u0131r\u0131yoruz<\/p>\n<\/div>\n\t\t\t\t<\/div>\n\t\t\t\t<\/div>\n\t\t\t\t\t<\/div>\n\t\t<\/div>\n\t\t\t\t\t<\/div>\n\t\t<\/section>\n\t\t\t\t<section class=\"elementor-section elementor-top-section elementor-element elementor-element-efffc77 elementor-section-full_width qodef-elementor-content-grid elementor-section-height-default elementor-section-height-default\" data-id=\"efffc77\" data-element_type=\"section\" data-settings=\"{&quot;background_background&quot;:&quot;classic&quot;}\">\n\t\t\t\t\t\t<div class=\"elementor-container elementor-column-gap-default\">\n\t\t\t\t\t<div class=\"elementor-column elementor-col-50 elementor-top-column elementor-element elementor-element-32d9059\" data-id=\"32d9059\" data-element_type=\"column\">\n\t\t\t<div class=\"elementor-widget-wrap elementor-element-populated\">\n\t\t\t\t\t\t<div class=\"elementor-element elementor-element-07fc5cc elementor-widget elementor-widget-amfissa_core_section_title\" data-id=\"07fc5cc\" data-element_type=\"widget\" data-widget_type=\"amfissa_core_section_title.default\">\n\t\t\t\t<div class=\"elementor-widget-container\">\n\t\t\t\t\t<div class=\"qodef-shortcode qodef-m  qodef-section-title qodef-alignment--left \">\n\t\t\t<h3 class=\"qodef-m-title\" >\n\t\t\t\t\t\u201cAkdeniz beslenmesinin en sa\u011fl\u0131kl\u0131 lezzetlerini en g\u00fcvenilir \u015fekilde \u00fcretmek ve sofran\u0131za ula\u015ft\u0131rmak i\u00e7in gece g\u00fcnd\u00fcz demeden \u00e7al\u0131\u015f\u0131yoruz.\u201d\t\t\t<\/h3>\n\t<\/div>\n\t\t\t\t<\/div>\n\t\t\t\t<\/div>\n\t\t\t\t<div class=\"elementor-element elementor-element-74d7ec6 elementor-invisible elementor-widget elementor-widget-amfissa_core_custom_font\" data-id=\"74d7ec6\" data-element_type=\"widget\" data-settings=\"{&quot;_animation&quot;:&quot;fadeInUp&quot;}\" data-widget_type=\"amfissa_core_custom_font.default\">\n\t\t\t\t<div class=\"elementor-widget-container\">\n\t\t\t\t\t<h1 class=\"qodef-shortcode qodef-m  qodef-custom-font qodef-custom-font-344 qodef-layout--simple\" style=\"color: #CC723F;font-family: Meadowbrook;font-size: 45px;line-height: 60px\">Yusuf \u00d6zp\u0131nar<\/h1>\n\t\t\t\t<\/div>\n\t\t\t\t<\/div>\n\t\t\t\t\t<\/div>\n\t\t<\/div>\n\t\t\t\t<div class=\"elementor-column elementor-col-50 elementor-top-column elementor-element elementor-element-800a475\" data-id=\"800a475\" data-element_type=\"column\">\n\t\t\t<div class=\"elementor-widget-wrap elementor-element-populated\">\n\t\t\t\t\t\t<div class=\"elementor-element elementor-element-92dc8fb elementor-widget elementor-widget-amfissa_core_custom_font\" data-id=\"92dc8fb\" data-element_type=\"widget\" data-widget_type=\"amfissa_core_custom_font.default\">\n\t\t\t\t<div class=\"elementor-widget-container\">\n\t\t\t\t\t<h6 class=\"qodef-shortcode qodef-m  qodef-custom-font qodef-custom-font-312 qodef-layout--simple\" style=\"font-family: DM sans;font-size: 24px;line-height: 29px;font-style: italic\">Misyonumuz: Daima daha ileriye fikriyle kaliteden \u00f6d\u00fcn vermeden en iyi \u00fcr\u00fcnleri t\u00fcketicilerle bulu\u015fturmak.<\/h6>\n\t\t\t\t<\/div>\n\t\t\t\t<\/div>\n\t\t\t\t<div class=\"elementor-element elementor-element-442a78a elementor-widget elementor-widget-amfissa_core_custom_font\" data-id=\"442a78a\" data-element_type=\"widget\" data-widget_type=\"amfissa_core_custom_font.default\">\n\t\t\t\t<div class=\"elementor-widget-container\">\n\t\t\t\t\t<h6 class=\"qodef-shortcode qodef-m  qodef-custom-font qodef-custom-font-879 qodef-layout--simple\" style=\"font-family: DM sans;font-size: 24px;line-height: 29px;font-style: italic\">Vizyonumuz: Sa\u011fl\u0131kl\u0131 beslenirken lezzet arayanlar\u0131n hem ulusal hem global \u00f6l\u00e7ekte vazge\u00e7ilmez markas\u0131 olmak.<\/h6>\n\t\t\t\t<\/div>\n\t\t\t\t<\/div>\n\t\t\t\t\t<\/div>\n\t\t<\/div>\n\t\t\t\t\t<\/div>\n\t\t<\/section>\n\t\t\t\t<section class=\"elementor-section elementor-top-section elementor-element elementor-element-7cd5f67 elementor-section-full_width elementor-section-height-default elementor-section-height-default qodef-elementor-content-no\" data-id=\"7cd5f67\" data-element_type=\"section\">\n\t\t\t\t\t\t<div class=\"elementor-container elementor-column-gap-default\">\n\t\t\t\t\t<div class=\"elementor-column elementor-col-100 elementor-top-column elementor-element elementor-element-5729de6\" data-id=\"5729de6\" data-element_type=\"column\">\n\t\t\t<div class=\"elementor-widget-wrap\">\n\t\t\t\t\t\t\t<\/div>\n\t\t<\/div>\n\t\t\t\t\t<\/div>\n\t\t<\/section>\n\t\t\t\t<\/div>\n\t\t","protected":false},"excerpt":{"rendered":"<p>Azzava ailesi olarak kalitedeki ba\u015far\u0131m\u0131z\u0131n s\u0131rr\u0131 daldan sofraya kadar b\u00fct\u00fcn s\u00fcreci hataya yer vermeyecek \u015fekilde s\u0131k\u0131 takip ediyor olmam\u0131zd\u0131r. Biz Kimiz? Zetmar G\u0131da \u0130\u00e7 ve D\u0131\u015f Ticaret Limited \u015eirketi 2021 y\u0131l\u0131nda Mu\u011fla\u2019n\u0131n Seydikemer il\u00e7esine ba\u011fl\u0131 Kad\u0131k\u00f6y mahallesinde b\u00f6lgesindeki ya\u011fl\u0131k zeytin \u00fcretimini artt\u0131rmak ve kaliteli zeytinya\u011f\u0131 bilincini ve k\u00fclt\u00fcr\u00fcn\u00fc geli\u015ftirmekle beraber sa\u011fl\u0131kl\u0131 Akdeniz beslenmesinin t\u00fcm \u00fcr\u00fcnlerinin [&hellip;]<\/p>\n","protected":false},"author":1,"featured_media":0,"parent":0,"menu_order":0,"comment_status":"closed","ping_status":"closed","template":"page-full-width.php","meta":{"footnotes":""},"class_list":["post-678","page","type-page","status-publish","hentry"],"_links":{"self":[{"href":"https:\/\/azzava.com\/index.php?rest_route=\/wp\/v2\/pages\/678","targetHints":{"allow":["GET"]}}],"collection":[{"href":"https:\/\/azzava.com\/index.php?rest_route=\/wp\/v2\/pages"}],"about":[{"href":"https:\/\/azzava.com\/index.php?rest_route=\/wp\/v2\/types\/page"}],"author":[{"embeddable":true,"href":"https:\/\/azzava.com\/index.php?rest_route=\/wp\/v2\/users\/1"}],"replies":[{"embeddable":true,"href":"https:\/\/azzava.com\/index.php?rest_route=%2Fwp%2Fv2%2Fcomments&post=678"}],"version-history":[{"count":10,"href":"https:\/\/azzava.com\/index.php?rest_route=\/wp\/v2\/pages\/678\/revisions"}],"predecessor-version":[{"id":5185,"href":"https:\/\/azzava.com\/index.php?rest_route=\/wp\/v2\/pages\/678\/revisions\/5185"}],"wp:attachment":[{"href":"https:\/\/azzava.com\/index.php?rest_route=%2Fwp%2Fv2%2Fmedia&parent=678"}],"curies":[{"name":"wp","href":"https:\/\/api.w.org\/{rel}","templated":true}]}}